{"id":10,"date":"2025-10-07T09:03:31","date_gmt":"2025-10-07T09:03:31","guid":{"rendered":"https:\/\/www.espacekoura.com\/?page_id=10"},"modified":"2025-12-09T20:53:12","modified_gmt":"2025-12-09T20:53:12","slug":"a-propos-de-nous","status":"publish","type":"page","link":"https:\/\/www.espacekoura.com\/?page_id=10","title":{"rendered":"A Propos"},"content":{"rendered":"\t\t<div data-elementor-type=\"wp-page\" data-elementor-id=\"10\" class=\"elementor elementor-10\">\n\t\t\t\t<div class=\"elementor-element elementor-element-9594256 e-flex e-con-boxed e-con e-parent\" data-id=\"9594256\" data-element_type=\"container\" data-settings=\"{&quot;background_background&quot;:&quot;classic&quot;}\">\n\t\t\t\t\t<div class=\"e-con-inner\">\n\t\t<div class=\"elementor-element elementor-element-f37310e e-con-full e-flex e-con e-child\" data-id=\"f37310e\" data-element_type=\"container\">\n\t\t\t\t<div class=\"elementor-element elementor-element-21a9982 elementor-widget elementor-widget-heading\" data-id=\"21a9982\" data-element_type=\"widget\" data-widget_type=\"heading.default\">\n\t\t\t\t\t<h2 class=\"elementor-heading-title elementor-size-default\">A Propos<\/h2>\t\t\t\t<\/div>\n\t\t\t\t<div class=\"elementor-element elementor-element-70912bd elementor-widget elementor-widget-image\" data-id=\"70912bd\" data-element_type=\"widget\" data-widget_type=\"image.default\">\n\t\t\t\t\t\t\t\t\t\t\t\t\t\t\t<img fetchpriority=\"high\" decoding=\"async\" width=\"1024\" height=\"768\" src=\"https:\/\/www.espacekoura.com\/wp-content\/uploads\/2025\/11\/WhatsApp-Image-2025-11-17-at-07.02.12-1024x768.jpeg\" class=\"attachment-large size-large wp-image-406\" alt=\"\" srcset=\"https:\/\/www.espacekoura.com\/wp-content\/uploads\/2025\/11\/WhatsApp-Image-2025-11-17-at-07.02.12-1024x768.jpeg 1024w, https:\/\/www.espacekoura.com\/wp-content\/uploads\/2025\/11\/WhatsApp-Image-2025-11-17-at-07.02.12-300x225.jpeg 300w, https:\/\/www.espacekoura.com\/wp-content\/uploads\/2025\/11\/WhatsApp-Image-2025-11-17-at-07.02.12-768x576.jpeg 768w, https:\/\/www.espacekoura.com\/wp-content\/uploads\/2025\/11\/WhatsApp-Image-2025-11-17-at-07.02.12-1536x1152.jpeg 1536w, https:\/\/www.espacekoura.com\/wp-content\/uploads\/2025\/11\/WhatsApp-Image-2025-11-17-at-07.02.12.jpeg 1600w\" sizes=\"(max-width: 1024px) 100vw, 1024px\" \/>\t\t\t\t\t\t\t\t\t\t\t\t\t\t\t<\/div>\n\t\t\t\t<div class=\"elementor-element elementor-element-c2b4786 elementor-widget elementor-widget-text-editor\" data-id=\"c2b4786\" data-element_type=\"widget\" data-widget_type=\"text-editor.default\">\n\t\t\t\t\t\t\t\t\t<p><strong>Colette Kholle-Redon\u00a0<\/strong><\/p><p>Fondatrice de l\u2019Espace Koura<\/p>\t\t\t\t\t\t\t\t<\/div>\n\t\t\t\t<\/div>\n\t\t<div class=\"elementor-element elementor-element-393deab e-con-full e-flex e-con e-child\" data-id=\"393deab\" data-element_type=\"container\">\n\t\t\t\t<div class=\"elementor-element elementor-element-52031f3 elementor-widget elementor-widget-spacer\" data-id=\"52031f3\" data-element_type=\"widget\" data-widget_type=\"spacer.default\">\n\t\t\t\t\t\t\t<div class=\"elementor-spacer\">\n\t\t\t<div class=\"elementor-spacer-inner\"><\/div>\n\t\t<\/div>\n\t\t\t\t\t\t<\/div>\n\t\t\t\t<div class=\"elementor-element elementor-element-7bf6303 elementor-widget elementor-widget-text-editor\" data-id=\"7bf6303\" data-element_type=\"widget\" data-widget_type=\"text-editor.default\">\n\t\t\t\t\t\t\t\t\t<p><span style=\"font-style: inherit; font-weight: inherit;\"><br \/>Apr\u00e8s plus de trente ans consacr\u00e9s au design, \u00e0 l\u2019architecture et \u00e0 l\u2019urbanisme, entre le Michigan et la Californie, un appel int\u00e9rieur m\u2019a doucement conduite vers un chemin de transformation : celui des soins \u00e9nerg\u00e9tiques et de la m\u00e9decine douce.<\/span><\/p><p>J\u2019ai compris que toute v\u00e9ritable \u00e9volution commence par une reconnection \u00e0 soi. La m\u00e9ditation, la pleine conscience et l\u2019\u00e9coute profonde de mon \u00e2me m\u2019ont ouvert \u00e0 une nouvelle mani\u00e8re d\u2019\u00eatre au monde \u2014 plus sensible, plus align\u00e9e, plus authentique.<\/p><p>Aujourd\u2019hui, je choisis de me consacrer \u00e0 un univers apais\u00e9, en harmonie avec la nature, la gu\u00e9rison naturelle, la m\u00e9moire vivante de ma lign\u00e9e maternelle de gu\u00e9risseurs peuls s\u00e9n\u00e9galais, et une relation profond\u00e9ment humaine \u00e0 l\u2019autre.<\/p><p>\u00c0 travers l\u2019espace Koura, je vous invite \u00e0 d\u00e9couvrir mon univers et \u00e0 recevoir les soins que je propose, dans une pr\u00e9sence respectueuse, fond\u00e9e sur l\u2019impartialit\u00e9 et une bienveillance neutre. Mon engagement est de vous accompagner, avec \u00e9coute et douceur, sur votre propre chemin de transformation.<\/p>\t\t\t\t\t\t\t\t<\/div>\n\t\t\t\t<\/div>\n\t\t\t\t\t<\/div>\n\t\t\t\t<\/div>\n\t\t\t\t<\/div>\n\t\t","protected":false},"excerpt":{"rendered":"<p>A Propos Colette Kholle-Redon\u00a0 Fondatrice de l\u2019Espace Koura Apr\u00e8s plus de trente ans consacr\u00e9s au design, \u00e0 l\u2019architecture et \u00e0 [&hellip;]<\/p>\n","protected":false},"author":1,"featured_media":0,"parent":0,"menu_order":0,"comment_status":"closed","ping_status":"closed","template":"","meta":{"site-sidebar-layout":"no-sidebar","site-content-layout":"","ast-site-content-layout":"full-width-container","site-content-style":"default","site-sidebar-style":"default","ast-global-header-display":"","ast-banner-title-visibility":"","ast-main-header-display":"","ast-hfb-above-header-display":"","ast-hfb-below-header-display":"","ast-hfb-mobile-header-display":"","site-post-title":"disabled","ast-breadcrumbs-content":"","ast-featured-img":"disabled","footer-sml-layout":"","theme-transparent-header-meta":"","adv-header-id-meta":"","stick-header-meta":"","header-above-stick-meta":"","header-main-stick-meta":"","header-below-stick-meta":"","astra-migrate-meta-layouts":"default","ast-page-background-enabled":"default","ast-page-background-meta":{"desktop":{"background-color":"var(--ast-global-color-5)","background-image":"","background-repeat":"repeat","background-position":"center center","background-size":"auto","background-attachment":"scroll","background-type":"","background-media":"","overlay-type":"","overlay-color":"","overlay-opacity":"","overlay-gradient":""},"tablet":{"background-color":"","background-image":"","background-repeat":"repeat","background-position":"center center","background-size":"auto","background-attachment":"scroll","background-type":"","background-media":"","overlay-type":"","overlay-color":"","overlay-opacity":"","overlay-gradient":""},"mobile":{"background-color":"","background-image":"","background-repeat":"repeat","background-position":"center center","background-size":"auto","background-attachment":"scroll","background-type":"","background-media":"","overlay-type":"","overlay-color":"","overlay-opacity":"","overlay-gradient":""}},"ast-content-background-meta":{"desktop":{"background-color":"var(--ast-global-color-4)","background-image":"","background-repeat":"repeat","background-position":"center center","background-size":"auto","background-attachment":"scroll","background-type":"","background-media":"","overlay-type":"","overlay-color":"","overlay-opacity":"","overlay-gradient":""},"tablet":{"background-color":"var(--ast-global-color-4)","background-image":"","background-repeat":"repeat","background-position":"center center","background-size":"auto","background-attachment":"scroll","background-type":"","background-media":"","overlay-type":"","overlay-color":"","overlay-opacity":"","overlay-gradient":""},"mobile":{"background-color":"var(--ast-global-color-4)","background-image":"","background-repeat":"repeat","background-position":"center center","background-size":"auto","background-attachment":"scroll","background-type":"","background-media":"","overlay-type":"","overlay-color":"","overlay-opacity":"","overlay-gradient":""}},"footnotes":""},"class_list":["post-10","page","type-page","status-publish","hentry"],"yoast_head":"<!-- This site is optimized with the Yoast SEO plugin v26.0 - https:\/\/yoast.com\/wordpress\/plugins\/seo\/ -->\n<title>A Propos -<\/title>\n<meta name=\"robots\" content=\"index, follow, max-snippet:-1, max-image-preview:large, max-video-preview:-1\" \/>\n<link rel=\"canonical\" href=\"https:\/\/www.espacekoura.com\/?page_id=10\" \/>\n<meta property=\"og:locale\" content=\"fr_FR\" \/>\n<meta property=\"og:type\" content=\"article\" \/>\n<meta property=\"og:title\" content=\"A Propos -\" \/>\n<meta property=\"og:description\" content=\"A Propos Colette Kholle-Redon\u00a0 Fondatrice de l\u2019Espace Koura Apr\u00e8s plus de trente ans consacr\u00e9s au design, \u00e0 l\u2019architecture et \u00e0 [&hellip;]\" \/>\n<meta property=\"og:url\" content=\"https:\/\/www.espacekoura.com\/?page_id=10\" \/>\n<meta property=\"article:modified_time\" content=\"2025-12-09T20:53:12+00:00\" \/>\n<meta property=\"og:image\" content=\"http:\/\/www.espacekoura.com\/wp-content\/uploads\/2025\/11\/WhatsApp-Image-2025-11-17-at-07.02.12-1024x768.jpeg\" \/>\n<meta name=\"twitter:card\" content=\"summary_large_image\" \/>\n<meta name=\"twitter:label1\" content=\"Dur\u00e9e de lecture estim\u00e9e\" \/>\n\t<meta name=\"twitter:data1\" content=\"1 minute\" \/>\n<script type=\"application\/ld+json\" class=\"yoast-schema-graph\">{\"@context\":\"https:\/\/schema.org\",\"@graph\":[{\"@type\":\"WebPage\",\"@id\":\"https:\/\/www.espacekoura.com\/?page_id=10\",\"url\":\"https:\/\/www.espacekoura.com\/?page_id=10\",\"name\":\"A Propos -\",\"isPartOf\":{\"@id\":\"https:\/\/www.espacekoura.com\/#website\"},\"primaryImageOfPage\":{\"@id\":\"https:\/\/www.espacekoura.com\/?page_id=10#primaryimage\"},\"image\":{\"@id\":\"https:\/\/www.espacekoura.com\/?page_id=10#primaryimage\"},\"thumbnailUrl\":\"http:\/\/www.espacekoura.com\/wp-content\/uploads\/2025\/11\/WhatsApp-Image-2025-11-17-at-07.02.12-1024x768.jpeg\",\"datePublished\":\"2025-10-07T09:03:31+00:00\",\"dateModified\":\"2025-12-09T20:53:12+00:00\",\"breadcrumb\":{\"@id\":\"https:\/\/www.espacekoura.com\/?page_id=10#breadcrumb\"},\"inLanguage\":\"fr-FR\",\"potentialAction\":[{\"@type\":\"ReadAction\",\"target\":[\"https:\/\/www.espacekoura.com\/?page_id=10\"]}]},{\"@type\":\"ImageObject\",\"inLanguage\":\"fr-FR\",\"@id\":\"https:\/\/www.espacekoura.com\/?page_id=10#primaryimage\",\"url\":\"http:\/\/www.espacekoura.com\/wp-content\/uploads\/2025\/11\/WhatsApp-Image-2025-11-17-at-07.02.12-1024x768.jpeg\",\"contentUrl\":\"http:\/\/www.espacekoura.com\/wp-content\/uploads\/2025\/11\/WhatsApp-Image-2025-11-17-at-07.02.12-1024x768.jpeg\"},{\"@type\":\"BreadcrumbList\",\"@id\":\"https:\/\/www.espacekoura.com\/?page_id=10#breadcrumb\",\"itemListElement\":[{\"@type\":\"ListItem\",\"position\":1,\"name\":\"Accueil\",\"item\":\"https:\/\/www.espacekoura.com\/\"},{\"@type\":\"ListItem\",\"position\":2,\"name\":\"A Propos\"}]},{\"@type\":\"WebSite\",\"@id\":\"https:\/\/www.espacekoura.com\/#website\",\"url\":\"https:\/\/www.espacekoura.com\/\",\"name\":\"\",\"description\":\"\",\"potentialAction\":[{\"@type\":\"SearchAction\",\"target\":{\"@type\":\"EntryPoint\",\"urlTemplate\":\"https:\/\/www.espacekoura.com\/?s={search_term_string}\"},\"query-input\":{\"@type\":\"PropertyValueSpecification\",\"valueRequired\":true,\"valueName\":\"search_term_string\"}}],\"inLanguage\":\"fr-FR\"}]}<\/script>\n<!-- \/ Yoast SEO plugin. -->","yoast_head_json":{"title":"A Propos -","robots":{"index":"index","follow":"follow","max-snippet":"max-snippet:-1","max-image-preview":"max-image-preview:large","max-video-preview":"max-video-preview:-1"},"canonical":"https:\/\/www.espacekoura.com\/?page_id=10","og_locale":"fr_FR","og_type":"article","og_title":"A Propos -","og_description":"A Propos Colette Kholle-Redon\u00a0 Fondatrice de l\u2019Espace Koura Apr\u00e8s plus de trente ans consacr\u00e9s au design, \u00e0 l\u2019architecture et \u00e0 [&hellip;]","og_url":"https:\/\/www.espacekoura.com\/?page_id=10","article_modified_time":"2025-12-09T20:53:12+00:00","og_image":[{"url":"http:\/\/www.espacekoura.com\/wp-content\/uploads\/2025\/11\/WhatsApp-Image-2025-11-17-at-07.02.12-1024x768.jpeg","type":"","width":"","height":""}],"twitter_card":"summary_large_image","twitter_misc":{"Dur\u00e9e de lecture estim\u00e9e":"1 minute"},"schema":{"@context":"https:\/\/schema.org","@graph":[{"@type":"WebPage","@id":"https:\/\/www.espacekoura.com\/?page_id=10","url":"https:\/\/www.espacekoura.com\/?page_id=10","name":"A Propos -","isPartOf":{"@id":"https:\/\/www.espacekoura.com\/#website"},"primaryImageOfPage":{"@id":"https:\/\/www.espacekoura.com\/?page_id=10#primaryimage"},"image":{"@id":"https:\/\/www.espacekoura.com\/?page_id=10#primaryimage"},"thumbnailUrl":"http:\/\/www.espacekoura.com\/wp-content\/uploads\/2025\/11\/WhatsApp-Image-2025-11-17-at-07.02.12-1024x768.jpeg","datePublished":"2025-10-07T09:03:31+00:00","dateModified":"2025-12-09T20:53:12+00:00","breadcrumb":{"@id":"https:\/\/www.espacekoura.com\/?page_id=10#breadcrumb"},"inLanguage":"fr-FR","potentialAction":[{"@type":"ReadAction","target":["https:\/\/www.espacekoura.com\/?page_id=10"]}]},{"@type":"ImageObject","inLanguage":"fr-FR","@id":"https:\/\/www.espacekoura.com\/?page_id=10#primaryimage","url":"http:\/\/www.espacekoura.com\/wp-content\/uploads\/2025\/11\/WhatsApp-Image-2025-11-17-at-07.02.12-1024x768.jpeg","contentUrl":"http:\/\/www.espacekoura.com\/wp-content\/uploads\/2025\/11\/WhatsApp-Image-2025-11-17-at-07.02.12-1024x768.jpeg"},{"@type":"BreadcrumbList","@id":"https:\/\/www.espacekoura.com\/?page_id=10#breadcrumb","itemListElement":[{"@type":"ListItem","position":1,"name":"Accueil","item":"https:\/\/www.espacekoura.com\/"},{"@type":"ListItem","position":2,"name":"A Propos"}]},{"@type":"WebSite","@id":"https:\/\/www.espacekoura.com\/#website","url":"https:\/\/www.espacekoura.com\/","name":"","description":"","potentialAction":[{"@type":"SearchAction","target":{"@type":"EntryPoint","urlTemplate":"https:\/\/www.espacekoura.com\/?s={search_term_string}"},"query-input":{"@type":"PropertyValueSpecification","valueRequired":true,"valueName":"search_term_string"}}],"inLanguage":"fr-FR"}]}},"_links":{"self":[{"href":"https:\/\/www.espacekoura.com\/index.php?rest_route=\/wp\/v2\/pages\/10","targetHints":{"allow":["GET"]}}],"collection":[{"href":"https:\/\/www.espacekoura.com\/index.php?rest_route=\/wp\/v2\/pages"}],"about":[{"href":"https:\/\/www.espacekoura.com\/index.php?rest_route=\/wp\/v2\/types\/page"}],"author":[{"embeddable":true,"href":"https:\/\/www.espacekoura.com\/index.php?rest_route=\/wp\/v2\/users\/1"}],"replies":[{"embeddable":true,"href":"https:\/\/www.espacekoura.com\/index.php?rest_route=%2Fwp%2Fv2%2Fcomments&post=10"}],"version-history":[{"count":57,"href":"https:\/\/www.espacekoura.com\/index.php?rest_route=\/wp\/v2\/pages\/10\/revisions"}],"predecessor-version":[{"id":449,"href":"https:\/\/www.espacekoura.com\/index.php?rest_route=\/wp\/v2\/pages\/10\/revisions\/449"}],"wp:attachment":[{"href":"https:\/\/www.espacekoura.com\/index.php?rest_route=%2Fwp%2Fv2%2Fmedia&parent=10"}],"curies":[{"name":"wp","href":"https:\/\/api.w.org\/{rel}","templated":true}]}}